{"id":8010,"date":"2025-02-16T21:55:19","date_gmt":"2025-02-16T21:55:19","guid":{"rendered":"https:\/\/goatness.app\/nedladdning\/"},"modified":"2025-06-13T17:28:16","modified_gmt":"2025-06-13T17:28:16","slug":"qr","status":"publish","type":"page","link":"https:\/\/goatness.app\/sv\/qr\/","title":{"rendered":"Nedladdning"},"content":{"rendered":"\t\t<div data-elementor-type=\"wp-page\" data-elementor-id=\"8010\" class=\"elementor elementor-8010 elementor-7962\" data-elementor-post-type=\"page\">\n\t\t\t\t\t\t<section class=\"th-parallax elementor-section elementor-top-section elementor-element elementor-element-6b5bbf7 elementor-reverse-mobile elementor-section-height-full elementor-section-boxed elementor-section-height-default elementor-section-items-middle\" data-parallax=\"scroll\" data-image-src=\"https:\/\/goatness.app\/wp-content\/uploads\/qr-background-scaled-1.jpg\" data-id=\"6b5bbf7\" data-element_type=\"section\" data-e-type=\"section\" data-settings=\"{&quot;background_background&quot;:&quot;classic&quot;}\">\n\t\t\t\t\t\t<div class=\"elementor-container elementor-column-gap-default\">\n\t\t\t\t\t<div class=\"elementor-column elementor-col-50 elementor-top-column elementor-element elementor-element-5b005a91\" data-id=\"5b005a91\" data-element_type=\"column\" data-e-type=\"column\">\n\t\t\t<div class=\"elementor-widget-wrap elementor-element-populated\">\n\t\t\t\t\t\t<div class=\"elementor-element elementor-element-24f481dd elementor-widget elementor-widget-image\" data-id=\"24f481dd\" data-element_type=\"widget\" data-e-type=\"widget\" data-widget_type=\"image.default\">\n\t\t\t\t<div class=\"elementor-widget-container\">\n\t\t\t\t\t\t\t\t\t\t\t\t\t\t\t<img fetchpriority=\"high\" decoding=\"async\" width=\"300\" height=\"300\" src=\"https:\/\/goatness.app\/wp-content\/uploads\/qr-goatsports-app-download-white-1-300x300.png\" class=\"attachment-medium size-medium wp-image-7984\" alt=\"\" srcset=\"https:\/\/goatness.app\/wp-content\/uploads\/qr-goatsports-app-download-white-1-300x300.png 300w, https:\/\/goatness.app\/wp-content\/uploads\/qr-goatsports-app-download-white-1-1024x1024.png 1024w, https:\/\/goatness.app\/wp-content\/uploads\/qr-goatsports-app-download-white-1-150x150.png 150w, https:\/\/goatness.app\/wp-content\/uploads\/qr-goatsports-app-download-white-1-768x768.png 768w, https:\/\/goatness.app\/wp-content\/uploads\/qr-goatsports-app-download-white-1-1536x1536.png 1536w, https:\/\/goatness.app\/wp-content\/uploads\/qr-goatsports-app-download-white-1-75x75.png 75w, https:\/\/goatness.app\/wp-content\/uploads\/qr-goatsports-app-download-white-1-80x80.png 80w, https:\/\/goatness.app\/wp-content\/uploads\/qr-goatsports-app-download-white-1-394x394.png 394w, https:\/\/goatness.app\/wp-content\/uploads\/qr-goatsports-app-download-white-1-303x303.png 303w, https:\/\/goatness.app\/wp-content\/uploads\/qr-goatsports-app-download-white-1-605x605.png 605w, https:\/\/goatness.app\/wp-content\/uploads\/qr-goatsports-app-download-white-1-700x700.png 700w, https:\/\/goatness.app\/wp-content\/uploads\/qr-goatsports-app-download-white-1-950x950.png 950w, https:\/\/goatness.app\/wp-content\/uploads\/qr-goatsports-app-download-white-1-1080x1080.png 1080w, https:\/\/goatness.app\/wp-content\/uploads\/qr-goatsports-app-download-white-1.png 1998w\" sizes=\"(max-width: 300px) 100vw, 300px\" \/>\t\t\t\t\t\t\t\t\t\t\t\t\t\t\t<\/div>\n\t\t\t\t<\/div>\n\t\t\t\t\t<\/div>\n\t\t<\/div>\n\t\t\t\t<div class=\"elementor-column elementor-col-50 elementor-top-column elementor-element elementor-element-149c60a6\" data-id=\"149c60a6\" data-element_type=\"column\" data-e-type=\"column\">\n\t\t\t<div class=\"elementor-widget-wrap elementor-element-populated\">\n\t\t\t\t\t\t<div class=\"elementor-element elementor-element-eb31916 elementor-widget elementor-widget-spacer\" data-id=\"eb31916\" data-element_type=\"widget\" data-e-type=\"widget\" data-widget_type=\"spacer.default\">\n\t\t\t\t<div class=\"elementor-widget-container\">\n\t\t\t\t\t\t\t<div class=\"elementor-spacer\">\n\t\t\t<div class=\"elementor-spacer-inner\"><\/div>\n\t\t<\/div>\n\t\t\t\t\t\t<\/div>\n\t\t\t\t<\/div>\n\t\t\t\t<div class=\"elementor-element elementor-element-658c523f elementor-view-default elementor-position-top elementor-invisible elementor-widget elementor-widget-themo-header\" data-id=\"658c523f\" data-element_type=\"widget\" data-e-type=\"widget\" data-settings=\"{&quot;_animation&quot;:&quot;fadeInRight&quot;}\" data-widget_type=\"themo-header.default\">\n\t\t\t\t<div class=\"elementor-widget-container\">\n\t\t\t\t\t\t\t<div class=\"th-header-wrap\">\n        <div class=\"elementor-icon-box-wrapper \">\n                            <div class=\"elementor-icon-box-content\">\n                    <h3 class=\"elementor-icon-box-title\">\n                        Skanna QR-kod f\u00f6r att ladda ner                    <\/h3>\n                                        <p class=\"elementor-icon-box-description\">Skanna QR-koden med din telefon f\u00f6r att ladda ner appen, eller bes\u00f6k den h\u00e4r l\u00e4nken p\u00e5 din telefon:\n\nhttps:\/\/goatness.app\/download <\/p>\n\n                                    <\/div>\n            <\/div>\n\n        <\/div>\n\n\t\t\t\t\t\t<\/div>\n\t\t\t\t<\/div>\n\t\t\t\t\t<\/div>\n\t\t<\/div>\n\t\t\t\t\t<\/div>\n\t\t<\/section>\n\t\t\t\t<\/div>\n\t\t","protected":false},"excerpt":{"rendered":"<p>Skanna QR-kod f\u00f6r att ladda ner Skanna QR-koden med din telefon f\u00f6r att ladda ner appen, eller bes\u00f6k den h\u00e4r l\u00e4nken p\u00e5 din telefon: https:\/\/goatness.app\/download<\/p>\n","protected":false},"author":1,"featured_media":0,"parent":0,"menu_order":0,"comment_status":"closed","ping_status":"closed","template":"","meta":{"_monsterinsights_skip_tracking":false,"_monsterinsights_sitenote_active":false,"_monsterinsights_sitenote_note":"","_monsterinsights_sitenote_category":0,"footnotes":""},"class_list":["post-8010","page","type-page","status-publish","hentry"],"_links":{"self":[{"href":"https:\/\/goatness.app\/sv\/wp-json\/wp\/v2\/pages\/8010","targetHints":{"allow":["GET"]}}],"collection":[{"href":"https:\/\/goatness.app\/sv\/wp-json\/wp\/v2\/pages"}],"about":[{"href":"https:\/\/goatness.app\/sv\/wp-json\/wp\/v2\/types\/page"}],"author":[{"embeddable":true,"href":"https:\/\/goatness.app\/sv\/wp-json\/wp\/v2\/users\/1"}],"replies":[{"embeddable":true,"href":"https:\/\/goatness.app\/sv\/wp-json\/wp\/v2\/comments?post=8010"}],"version-history":[{"count":8,"href":"https:\/\/goatness.app\/sv\/wp-json\/wp\/v2\/pages\/8010\/revisions"}],"predecessor-version":[{"id":9082,"href":"https:\/\/goatness.app\/sv\/wp-json\/wp\/v2\/pages\/8010\/revisions\/9082"}],"wp:attachment":[{"href":"https:\/\/goatness.app\/sv\/wp-json\/wp\/v2\/media?parent=8010"}],"curies":[{"name":"wp","href":"https:\/\/api.w.org\/{rel}","templated":true}]}}